{"id":77,"date":"2023-03-27T16:54:42","date_gmt":"2023-03-27T14:54:42","guid":{"rendered":"http:\/\/terredejeux.deux-sevres.fr\/?page_id=77"},"modified":"2024-01-31T16:18:32","modified_gmt":"2024-01-31T15:18:32","slug":"les-collectivites-labellisees","status":"publish","type":"page","link":"https:\/\/terredejeux.deux-sevres.fr\/index.php\/les-collectivites-labellisees\/","title":{"rendered":"Les collectivit\u00e9s labellis\u00e9es"},"content":{"rendered":"\t\t<div data-elementor-type=\"wp-page\" data-elementor-id=\"77\" class=\"elementor elementor-77\" data-elementor-post-type=\"page\">\n\t\t\t\t\t\t<section class=\"elementor-section elementor-top-section elementor-element elementor-element-e26d412 elementor-section-full_width elementor-section-height-min-height elementor-section-height-default elementor-section-items-middle\" data-id=\"e26d412\" data-element_type=\"section\" data-settings=\"{&quot;background_background&quot;:&quot;classic&quot;}\">\n\t\t\t\t\t\t<div class=\"elementor-container elementor-column-gap-default\">\n\t\t\t\t\t<div class=\"elementor-column elementor-col-100 elementor-top-column elementor-element elementor-element-0b2ba8c\" data-id=\"0b2ba8c\" data-element_type=\"column\">\n\t\t\t<div class=\"elementor-widget-wrap\">\n\t\t\t\t\t\t\t<\/div>\n\t\t<\/div>\n\t\t\t\t\t<\/div>\n\t\t<\/section>\n\t\t\t\t<section class=\"elementor-section elementor-top-section elementor-element elementor-element-b870784 elementor-section-boxed elementor-section-height-default elementor-section-height-default\" data-id=\"b870784\" data-element_type=\"section\">\n\t\t\t\t\t\t<div class=\"elementor-container elementor-column-gap-default\">\n\t\t\t\t\t<div class=\"elementor-column elementor-col-100 elementor-top-column elementor-element elementor-element-e4dda61\" data-id=\"e4dda61\" data-element_type=\"column\">\n\t\t\t<div class=\"elementor-widget-wrap elementor-element-populated\">\n\t\t\t\t\t\t<div class=\"elementor-element elementor-element-d85e164 elementor-widget elementor-widget-heading\" data-id=\"d85e164\" data-element_type=\"widget\" data-widget_type=\"heading.default\">\n\t\t\t\t<div class=\"elementor-widget-container\">\n\t\t\t<style>\/*! elementor - v3.21.0 - 26-05-2024 *\/\n.elementor-heading-title{padding:0;margin:0;line-height:1}.elementor-widget-heading .elementor-heading-title[class*=elementor-size-]>a{color:inherit;font-size:inherit;line-height:inherit}.elementor-widget-heading .elementor-heading-title.elementor-size-small{font-size:15px}.elementor-widget-heading .elementor-heading-title.elementor-size-medium{font-size:19px}.elementor-widget-heading .elementor-heading-title.elementor-size-large{font-size:29px}.elementor-widget-heading .elementor-heading-title.elementor-size-xl{font-size:39px}.elementor-widget-heading .elementor-heading-title.elementor-size-xxl{font-size:59px}<\/style><h2 class=\"elementor-heading-title elementor-size-default\">PR\u00c8S DE 50 COLLECTIVIT\u00c9S IMPLIQU\u00c9ES !<\/h2>\t\t<\/div>\n\t\t\t\t<\/div>\n\t\t\t\t\t<\/div>\n\t\t<\/div>\n\t\t\t\t\t<\/div>\n\t\t<\/section>\n\t\t\t\t<section class=\"elementor-section elementor-top-section elementor-element elementor-element-1047503 elementor-section-boxed elementor-section-height-default elementor-section-height-default\" data-id=\"1047503\" data-element_type=\"section\">\n\t\t\t\t\t\t<div class=\"elementor-container elementor-column-gap-default\">\n\t\t\t\t\t<div class=\"elementor-column elementor-col-100 elementor-top-column elementor-element elementor-element-998a2af\" data-id=\"998a2af\" data-element_type=\"column\">\n\t\t\t<div class=\"elementor-widget-wrap elementor-element-populated\">\n\t\t\t\t\t\t<div class=\"elementor-element elementor-element-d6b8553 elementor-headline--style-rotate elementor-widget elementor-widget-animated-headline\" data-id=\"d6b8553\" data-element_type=\"widget\" data-settings=\"{&quot;headline_style&quot;:&quot;rotate&quot;,&quot;animation_type&quot;:&quot;swirl&quot;,&quot;rotating_text&quot;:&quot;Aiffres\\nAirvault\\nArdin\\nAzay-sur-Thouet\\nBeaulieu-Sous-Parthenay\\nBoism\\u00e9\\nBressuire\\nCh\\u00e2tillon-sur-Thouet\\nChauray\\nCherveux\\nChich\\u00e9\\nL&#039;Agglom\\u00e9ration du Niortais\\nLa CC de Parthenay-G\\u00e2tine\\nLa CC du Thouarsais\\nLa CC Mellois en Poitou\\nCoulon\\nCoulonges-sur-l&#039;Autize\\n\\u00c9chir\\u00e9\\nFaye-sur-Ardin\\nF\\u00e9nery\\nFrontenay-Rohan-Rohan\\nLa Chapelle-Bertrand\\nLa Cr\\u00e8che\\nLe Busseau\\nMaul\\u00e9on\\nMauz\\u00e9-sur-le-Mignon\\nMazi\\u00e8res-en-G\\u00e2tine\\nMoncoutant-sur-S\\u00e8vre\\nNiort\\nNueil-Les-Aubiers\\nParthenay\\nPompaire\\nPrahecq\\nRomans\\nSainte-N\\u00e9omaye\\nSaint-Germier\\nSaint-Maixent-l&#039;Ecole\\nSaint-Maxire\\nSaint-Pardoux-Soutiers\\nSaint-R\\u00e9my\\nSaint-Symphorien\\nSciecq\\nSecondigny\\nTh\\u00e9nezay\\nVasles\\nVausseroux\\nVilliers-en-Plaine&quot;,&quot;loop&quot;:&quot;yes&quot;,&quot;rotate_iteration_delay&quot;:2500}\" data-widget_type=\"animated-headline.default\">\n\t\t\t\t<div class=\"elementor-widget-container\">\n\t\t\t<link rel=\"stylesheet\" href=\"https:\/\/terredejeux.deux-sevres.fr\/wp-content\/plugins\/elementor-pro\/assets\/css\/widget-animated-headline.min.css\">\t\t<h3 class=\"elementor-headline elementor-headline-animation-type-swirl elementor-headline-letters\">\n\t\t\t\t<span class=\"elementor-headline-dynamic-wrapper elementor-headline-text-wrapper\">\n\t\t\t\t\t<span class=\"elementor-headline-dynamic-text elementor-headline-text-active\">\n\t\t\t\tAiffres\t\t\t<\/span>\n\t\t\t\t\t<span class=\"elementor-headline-dynamic-text\">\n\t\t\t\tAirvault\t\t\t<\/span>\n\t\t\t\t\t<span class=\"elementor-headline-dynamic-text\">\n\t\t\t\tArdin\t\t\t<\/span>\n\t\t\t\t\t<span class=\"elementor-headline-dynamic-text\">\n\t\t\t\tAzay-sur-Thouet\t\t\t<\/span>\n\t\t\t\t\t<span class=\"elementor-headline-dynamic-text\">\n\t\t\t\tBeaulieu-Sous-Parthenay\t\t\t<\/span>\n\t\t\t\t\t<span class=\"elementor-headline-dynamic-text\">\n\t\t\t\tBoism\u00e9\t\t\t<\/span>\n\t\t\t\t\t<span class=\"elementor-headline-dynamic-text\">\n\t\t\t\tBressuire\t\t\t<\/span>\n\t\t\t\t\t<span class=\"elementor-headline-dynamic-text\">\n\t\t\t\tCh\u00e2tillon-sur-Thouet\t\t\t<\/span>\n\t\t\t\t\t<span class=\"elementor-headline-dynamic-text\">\n\t\t\t\tChauray\t\t\t<\/span>\n\t\t\t\t\t<span class=\"elementor-headline-dynamic-text\">\n\t\t\t\tCherveux\t\t\t<\/span>\n\t\t\t\t\t<span class=\"elementor-headline-dynamic-text\">\n\t\t\t\tChich\u00e9\t\t\t<\/span>\n\t\t\t\t\t<span class=\"elementor-headline-dynamic-text\">\n\t\t\t\tL'Agglom\u00e9ration&nbsp;du&nbsp;Niortais\t\t\t<\/span>\n\t\t\t\t\t<span class=\"elementor-headline-dynamic-text\">\n\t\t\t\tLa&nbsp;CC&nbsp;de&nbsp;Parthenay-G\u00e2tine\t\t\t<\/span>\n\t\t\t\t\t<span class=\"elementor-headline-dynamic-text\">\n\t\t\t\tLa&nbsp;CC&nbsp;du&nbsp;Thouarsais\t\t\t<\/span>\n\t\t\t\t\t<span class=\"elementor-headline-dynamic-text\">\n\t\t\t\tLa&nbsp;CC&nbsp;Mellois&nbsp;en&nbsp;Poitou\t\t\t<\/span>\n\t\t\t\t\t<span class=\"elementor-headline-dynamic-text\">\n\t\t\t\tCoulon\t\t\t<\/span>\n\t\t\t\t\t<span class=\"elementor-headline-dynamic-text\">\n\t\t\t\tCoulonges-sur-l'Autize\t\t\t<\/span>\n\t\t\t\t\t<span class=\"elementor-headline-dynamic-text\">\n\t\t\t\t\u00c9chir\u00e9\t\t\t<\/span>\n\t\t\t\t\t<span class=\"elementor-headline-dynamic-text\">\n\t\t\t\tFaye-sur-Ardin\t\t\t<\/span>\n\t\t\t\t\t<span class=\"elementor-headline-dynamic-text\">\n\t\t\t\tF\u00e9nery\t\t\t<\/span>\n\t\t\t\t\t<span class=\"elementor-headline-dynamic-text\">\n\t\t\t\tFrontenay-Rohan-Rohan\t\t\t<\/span>\n\t\t\t\t\t<span class=\"elementor-headline-dynamic-text\">\n\t\t\t\tLa&nbsp;Chapelle-Bertrand\t\t\t<\/span>\n\t\t\t\t\t<span class=\"elementor-headline-dynamic-text\">\n\t\t\t\tLa&nbsp;Cr\u00e8che\t\t\t<\/span>\n\t\t\t\t\t<span class=\"elementor-headline-dynamic-text\">\n\t\t\t\tLe&nbsp;Busseau\t\t\t<\/span>\n\t\t\t\t\t<span class=\"elementor-headline-dynamic-text\">\n\t\t\t\tMaul\u00e9on\t\t\t<\/span>\n\t\t\t\t\t<span class=\"elementor-headline-dynamic-text\">\n\t\t\t\tMauz\u00e9-sur-le-Mignon\t\t\t<\/span>\n\t\t\t\t\t<span class=\"elementor-headline-dynamic-text\">\n\t\t\t\tMazi\u00e8res-en-G\u00e2tine\t\t\t<\/span>\n\t\t\t\t\t<span class=\"elementor-headline-dynamic-text\">\n\t\t\t\tMoncoutant-sur-S\u00e8vre\t\t\t<\/span>\n\t\t\t\t\t<span class=\"elementor-headline-dynamic-text\">\n\t\t\t\tNiort\t\t\t<\/span>\n\t\t\t\t\t<span class=\"elementor-headline-dynamic-text\">\n\t\t\t\tNueil-Les-Aubiers\t\t\t<\/span>\n\t\t\t\t\t<span class=\"elementor-headline-dynamic-text\">\n\t\t\t\tParthenay\t\t\t<\/span>\n\t\t\t\t\t<span class=\"elementor-headline-dynamic-text\">\n\t\t\t\tPompaire\t\t\t<\/span>\n\t\t\t\t\t<span class=\"elementor-headline-dynamic-text\">\n\t\t\t\tPrahecq\t\t\t<\/span>\n\t\t\t\t\t<span class=\"elementor-headline-dynamic-text\">\n\t\t\t\tRomans\t\t\t<\/span>\n\t\t\t\t\t<span class=\"elementor-headline-dynamic-text\">\n\t\t\t\tSainte-N\u00e9omaye\t\t\t<\/span>\n\t\t\t\t\t<span class=\"elementor-headline-dynamic-text\">\n\t\t\t\tSaint-Germier\t\t\t<\/span>\n\t\t\t\t\t<span class=\"elementor-headline-dynamic-text\">\n\t\t\t\tSaint-Maixent-l'Ecole\t\t\t<\/span>\n\t\t\t\t\t<span class=\"elementor-headline-dynamic-text\">\n\t\t\t\tSaint-Maxire\t\t\t<\/span>\n\t\t\t\t\t<span class=\"elementor-headline-dynamic-text\">\n\t\t\t\tSaint-Pardoux-Soutiers\t\t\t<\/span>\n\t\t\t\t\t<span class=\"elementor-headline-dynamic-text\">\n\t\t\t\tSaint-R\u00e9my\t\t\t<\/span>\n\t\t\t\t\t<span class=\"elementor-headline-dynamic-text\">\n\t\t\t\tSaint-Symphorien\t\t\t<\/span>\n\t\t\t\t\t<span class=\"elementor-headline-dynamic-text\">\n\t\t\t\tSciecq\t\t\t<\/span>\n\t\t\t\t\t<span class=\"elementor-headline-dynamic-text\">\n\t\t\t\tSecondigny\t\t\t<\/span>\n\t\t\t\t\t<span class=\"elementor-headline-dynamic-text\">\n\t\t\t\tTh\u00e9nezay\t\t\t<\/span>\n\t\t\t\t\t<span class=\"elementor-headline-dynamic-text\">\n\t\t\t\tVasles\t\t\t<\/span>\n\t\t\t\t\t<span class=\"elementor-headline-dynamic-text\">\n\t\t\t\tVausseroux\t\t\t<\/span>\n\t\t\t\t\t<span class=\"elementor-headline-dynamic-text\">\n\t\t\t\tVilliers-en-Plaine\t\t\t<\/span>\n\t\t\t\t\t\t<\/span>\n\t\t\t\t\t<span class=\"elementor-headline-plain-text elementor-headline-text-wrapper\">est TERRE DE JEUX !<\/span>\n\t\t\t\t\t<\/h3>\n\t\t\t\t<\/div>\n\t\t\t\t<\/div>\n\t\t\t\t\t<\/div>\n\t\t<\/div>\n\t\t\t\t\t<\/div>\n\t\t<\/section>\n\t\t\t\t<section class=\"elementor-section elementor-top-section elementor-element elementor-element-7c02674 elementor-section-boxed elementor-section-height-default elementor-section-height-default\" data-id=\"7c02674\" data-element_type=\"section\">\n\t\t\t\t\t\t<div class=\"elementor-container elementor-column-gap-default\">\n\t\t\t\t\t<div class=\"elementor-column elementor-col-100 elementor-top-column elementor-element elementor-element-3b45a28\" data-id=\"3b45a28\" data-element_type=\"column\">\n\t\t\t<div class=\"elementor-widget-wrap elementor-element-populated\">\n\t\t\t\t\t\t<div class=\"elementor-element elementor-element-564fa4b elementor-widget elementor-widget-html\" data-id=\"564fa4b\" data-element_type=\"widget\" data-widget_type=\"html.default\">\n\t\t\t\t<div class=\"elementor-widget-container\">\n\t\t\t<iframe title=\"Communes Terre de Jeux\" width=\"100%\" height=\"600\" src=\"https:\/\/livemap.getwemap.com\/dom.html?emmid=25205&token=SJ13XVG2XK6A4HRSJQREP7UJ3\" frameborder=\"0\" style=\"max-width:100%\" allowfullscreen allowtransparency allow=\"geolocation; camera; accelerometer; gyroscope; magnetometer; fullscreen\"><\/iframe>\t\t<\/div>\n\t\t\t\t<\/div>\n\t\t\t\t\t<\/div>\n\t\t<\/div>\n\t\t\t\t\t<\/div>\n\t\t<\/section>\n\t\t\t\t<section class=\"elementor-section elementor-top-section elementor-element elementor-element-b87e4d0 elementor-section-boxed elementor-section-height-default elementor-section-height-default\" data-id=\"b87e4d0\" data-element_type=\"section\">\n\t\t\t\t\t\t<div class=\"elementor-container elementor-column-gap-default\">\n\t\t\t\t\t<div class=\"elementor-column elementor-col-50 elementor-top-column elementor-element elementor-element-eb134a3\" data-id=\"eb134a3\" data-element_type=\"column\">\n\t\t\t<div class=\"elementor-widget-wrap elementor-element-populated\">\n\t\t\t\t\t\t<div class=\"elementor-element elementor-element-42696e8 elementor-widget elementor-widget-text-editor\" data-id=\"42696e8\" data-element_type=\"widget\" data-widget_type=\"text-editor.default\">\n\t\t\t\t<div class=\"elementor-widget-container\">\n\t\t\t<style>\/*! elementor - v3.21.0 - 26-05-2024 *\/\n.elementor-widget-text-editor.elementor-drop-cap-view-stacked .elementor-drop-cap{background-color:#69727d;color:#fff}.elementor-widget-text-editor.elementor-drop-cap-view-framed .elementor-drop-cap{color:#69727d;border:3px solid;background-color:transparent}.elementor-widget-text-editor:not(.elementor-drop-cap-view-default) .elementor-drop-cap{margin-top:8px}.elementor-widget-text-editor:not(.elementor-drop-cap-view-default) .elementor-drop-cap-letter{width:1em;height:1em}.elementor-widget-text-editor .elementor-drop-cap{float:left;text-align:center;line-height:1;font-size:50px}.elementor-widget-text-editor .elementor-drop-cap-letter{display:inline-block}<\/style>\t\t\t\t<p style=\"text-align: center;\">Aiffres<br \/>Airvault<br \/>Ardin<br \/>Azay-sur-Thouet<br \/>Beaulieu-Sous-Parthenay<br \/>Boism\u00e9<br \/>Bressuire<br \/>Ch\u00e2tillon-sur-Thouet<br \/>Chauray<br \/>Cherveux<br \/>Chich\u00e9<br \/>Communaut\u00e9 d&rsquo;agglom\u00e9ration du Niortais<br \/>Communaut\u00e9 de communes de Parthenay-g\u00e2tine<br \/>Communaut\u00e9 de Communes du Thouarsais<br \/>Communaut\u00e9 de communes Mellois en Poitou<br \/>Coulon<br \/>Coulonges-sur-l&rsquo;Autize<br \/>D\u00e9partement des Deux-S\u00e8vres<br \/>\u00c9chir\u00e9<br \/>Faye-sur-Ardin<br \/>F\u00e9nery<br \/>Frontenay-Rohan-Rohan<br \/>La Chapelle-Bertrand<br \/>La Cr\u00e8che<\/p>\t\t\t\t\t\t<\/div>\n\t\t\t\t<\/div>\n\t\t\t\t\t<\/div>\n\t\t<\/div>\n\t\t\t\t<div class=\"elementor-column elementor-col-50 elementor-top-column elementor-element elementor-element-e722d77\" data-id=\"e722d77\" data-element_type=\"column\">\n\t\t\t<div class=\"elementor-widget-wrap elementor-element-populated\">\n\t\t\t\t\t\t<div class=\"elementor-element elementor-element-a692d5a elementor-widget elementor-widget-text-editor\" data-id=\"a692d5a\" data-element_type=\"widget\" data-widget_type=\"text-editor.default\">\n\t\t\t\t<div class=\"elementor-widget-container\">\n\t\t\t\t\t\t\t<p style=\"text-align: center;\">Le Busseau<br \/>Maul\u00e9on<br \/>Mauz\u00e9-sur-le-Mignon<br \/>Mazi\u00e8res-en-G\u00e2tine<br \/>Moncoutant-sur-S\u00e8vre<br \/>Niort<br \/>Nueil-Les-Aubiers<br \/>Parthenay<br \/>Pompaire<br \/>Prahecq<br \/>Romans<br \/>Sainte-N\u00e9omaye<br \/>Saint-Germier<br \/>Saint-Maixent-l&rsquo;Ecole<br \/>Saint-Maxire<br \/>Saint-Pardoux-Soutiers<br \/>Saint-R\u00e9my<br \/>Saint-Symphorien<br \/>Sciecq<br \/>Secondigny<br \/>Th\u00e9nezay<br \/>Vasles<br \/>Vausseroux<br \/>Villiers-en-Plaine<\/p>\t\t\t\t\t\t<\/div>\n\t\t\t\t<\/div>\n\t\t\t\t\t<\/div>\n\t\t<\/div>\n\t\t\t\t\t<\/div>\n\t\t<\/section>\n\t\t\t\t<section class=\"elementor-section elementor-top-section elementor-element elementor-element-de15eeb elementor-section-boxed elementor-section-height-default elementor-section-height-default\" data-id=\"de15eeb\" data-element_type=\"section\">\n\t\t\t\t\t\t<div class=\"elementor-container elementor-column-gap-default\">\n\t\t\t\t\t<div class=\"elementor-column elementor-col-100 elementor-top-column elementor-element elementor-element-b13bb49\" data-id=\"b13bb49\" data-element_type=\"column\">\n\t\t\t<div class=\"elementor-widget-wrap\">\n\t\t\t\t\t\t\t<\/div>\n\t\t<\/div>\n\t\t\t\t\t<\/div>\n\t\t<\/section>\n\t\t\t\t<\/div>\n\t\t","protected":false},"excerpt":{"rendered":"<p>PR\u00c8S DE 50 COLLECTIVIT\u00c9S IMPLIQU\u00c9ES ! Aiffres Airvault Ardin Azay-sur-Thouet Beaulieu-Sous-Parthenay Boism\u00e9 Bressuire Ch\u00e2tillon-sur-Thouet Chauray Cherveux Chich\u00e9 L&rsquo;Agglom\u00e9ration&nbsp;du&nbsp;Niortais La&nbsp;CC&nbsp;de&nbsp;Parthenay-G\u00e2tine La&nbsp;CC&nbsp;du&nbsp;Thouarsais La&nbsp;CC&nbsp;Mellois&nbsp;en&nbsp;Poitou Coulon Coulonges-sur-l&rsquo;Autize \u00c9chir\u00e9 Faye-sur-Ardin F\u00e9nery Frontenay-Rohan-Rohan La&nbsp;Chapelle-Bertrand La&nbsp;Cr\u00e8che Le&nbsp;Busseau Maul\u00e9on Mauz\u00e9-sur-le-Mignon Mazi\u00e8res-en-G\u00e2tine Moncoutant-sur-S\u00e8vre Niort Nueil-Les-Aubiers Parthenay Pompaire Prahecq Romans Sainte-N\u00e9omaye Saint-Germier Saint-Maixent-l&rsquo;Ecole Saint-Maxire Saint-Pardoux-Soutiers Saint-R\u00e9my Saint-Symphorien Sciecq Secondigny Th\u00e9nezay Vasles Vausseroux Villiers-en-Plaine est TERRE [&hellip;]<\/p>\n","protected":false},"author":2,"featured_media":0,"parent":0,"menu_order":0,"comment_status":"closed","ping_status":"closed","template":"elementor_theme","meta":{"footnotes":""},"class_list":["post-77","page","type-page","status-publish","hentry"],"_links":{"self":[{"href":"https:\/\/terredejeux.deux-sevres.fr\/index.php\/wp-json\/wp\/v2\/pages\/77","targetHints":{"allow":["GET"]}}],"collection":[{"href":"https:\/\/terredejeux.deux-sevres.fr\/index.php\/wp-json\/wp\/v2\/pages"}],"about":[{"href":"https:\/\/terredejeux.deux-sevres.fr\/index.php\/wp-json\/wp\/v2\/types\/page"}],"author":[{"embeddable":true,"href":"https:\/\/terredejeux.deux-sevres.fr\/index.php\/wp-json\/wp\/v2\/users\/2"}],"replies":[{"embeddable":true,"href":"https:\/\/terredejeux.deux-sevres.fr\/index.php\/wp-json\/wp\/v2\/comments?post=77"}],"version-history":[{"count":52,"href":"https:\/\/terredejeux.deux-sevres.fr\/index.php\/wp-json\/wp\/v2\/pages\/77\/revisions"}],"predecessor-version":[{"id":521,"href":"https:\/\/terredejeux.deux-sevres.fr\/index.php\/wp-json\/wp\/v2\/pages\/77\/revisions\/521"}],"wp:attachment":[{"href":"https:\/\/terredejeux.deux-sevres.fr\/index.php\/wp-json\/wp\/v2\/media?parent=77"}],"curies":[{"name":"wp","href":"https:\/\/api.w.org\/{rel}","templated":true}]}}