{"id":306,"date":"2023-11-27T16:21:51","date_gmt":"2023-11-27T15:21:51","guid":{"rendered":"https:\/\/terredejeux.deux-sevres.fr\/?page_id=306"},"modified":"2024-01-31T16:07:55","modified_gmt":"2024-01-31T15:07:55","slug":"flamme-olympique-deux-sevres","status":"publish","type":"page","link":"https:\/\/terredejeux.deux-sevres.fr\/index.php\/flamme-olympique-deux-sevres\/","title":{"rendered":"Flamme olympique Deux-S\u00e8vres"},"content":{"rendered":"\t\t<div data-elementor-type=\"wp-page\" data-elementor-id=\"306\" class=\"elementor elementor-306\" data-elementor-post-type=\"page\">\n\t\t\t\t\t\t<section class=\"elementor-section elementor-top-section elementor-element elementor-element-dffac25 elementor-section-full_width elementor-section-height-min-height elementor-section-height-default elementor-section-items-middle\" data-id=\"dffac25\" data-element_type=\"section\" data-settings=\"{&quot;background_background&quot;:&quot;classic&quot;}\">\n\t\t\t\t\t\t<div class=\"elementor-container elementor-column-gap-default\">\n\t\t\t\t\t<div class=\"elementor-column elementor-col-100 elementor-top-column elementor-element elementor-element-acfad87\" data-id=\"acfad87\" data-element_type=\"column\">\n\t\t\t<div class=\"elementor-widget-wrap\">\n\t\t\t\t\t\t\t<\/div>\n\t\t<\/div>\n\t\t\t\t\t<\/div>\n\t\t<\/section>\n\t\t\t\t<section class=\"elementor-section elementor-top-section elementor-element elementor-element-01f78a7 elementor-section-boxed elementor-section-height-default elementor-section-height-default\" data-id=\"01f78a7\" data-element_type=\"section\">\n\t\t\t\t\t\t<div class=\"elementor-container elementor-column-gap-default\">\n\t\t\t\t\t<div class=\"elementor-column elementor-col-100 elementor-top-column elementor-element elementor-element-8302326\" data-id=\"8302326\" data-element_type=\"column\">\n\t\t\t<div class=\"elementor-widget-wrap elementor-element-populated\">\n\t\t\t\t\t\t<div class=\"elementor-element elementor-element-98a8c51 elementor-widget elementor-widget-heading\" data-id=\"98a8c51\" data-element_type=\"widget\" data-widget_type=\"heading.default\">\n\t\t\t\t<div class=\"elementor-widget-container\">\n\t\t\t<style>\/*! elementor - v3.21.0 - 26-05-2024 *\/\n.elementor-heading-title{padding:0;margin:0;line-height:1}.elementor-widget-heading .elementor-heading-title[class*=elementor-size-]>a{color:inherit;font-size:inherit;line-height:inherit}.elementor-widget-heading .elementor-heading-title.elementor-size-small{font-size:15px}.elementor-widget-heading .elementor-heading-title.elementor-size-medium{font-size:19px}.elementor-widget-heading .elementor-heading-title.elementor-size-large{font-size:29px}.elementor-widget-heading .elementor-heading-title.elementor-size-xl{font-size:39px}.elementor-widget-heading .elementor-heading-title.elementor-size-xxl{font-size:59px}<\/style><h2 class=\"elementor-heading-title elementor-size-default\">Les Deux-S\u00e8vres accueillent la Flamme olympique !<\/h2>\t\t<\/div>\n\t\t\t\t<\/div>\n\t\t\t\t\t<\/div>\n\t\t<\/div>\n\t\t\t\t\t<\/div>\n\t\t<\/section>\n\t\t\t\t<section class=\"elementor-section elementor-top-section elementor-element elementor-element-0be5fdc elementor-section-boxed elementor-section-height-default elementor-section-height-default\" data-id=\"0be5fdc\" data-element_type=\"section\">\n\t\t\t\t\t\t<div class=\"elementor-container elementor-column-gap-default\">\n\t\t\t\t\t<div class=\"elementor-column elementor-col-100 elementor-top-column elementor-element elementor-element-722739c\" data-id=\"722739c\" data-element_type=\"column\" data-settings=\"{&quot;background_background&quot;:&quot;classic&quot;}\">\n\t\t\t<div class=\"elementor-widget-wrap elementor-element-populated\">\n\t\t\t\t\t\t<div class=\"elementor-element elementor-element-3b14b9c elementor-widget elementor-widget-text-editor\" data-id=\"3b14b9c\" data-element_type=\"widget\" data-widget_type=\"text-editor.default\">\n\t\t\t\t<div class=\"elementor-widget-container\">\n\t\t\t<style>\/*! elementor - v3.21.0 - 26-05-2024 *\/\n.elementor-widget-text-editor.elementor-drop-cap-view-stacked .elementor-drop-cap{background-color:#69727d;color:#fff}.elementor-widget-text-editor.elementor-drop-cap-view-framed .elementor-drop-cap{color:#69727d;border:3px solid;background-color:transparent}.elementor-widget-text-editor:not(.elementor-drop-cap-view-default) .elementor-drop-cap{margin-top:8px}.elementor-widget-text-editor:not(.elementor-drop-cap-view-default) .elementor-drop-cap-letter{width:1em;height:1em}.elementor-widget-text-editor .elementor-drop-cap{float:left;text-align:center;line-height:1;font-size:50px}.elementor-widget-text-editor .elementor-drop-cap-letter{display:inline-block}<\/style>\t\t\t\t<p>7 villes deux-s\u00e9vriennes seront travers\u00e9es par la flamme olympique.\u00a0<span style=\"color: var( --e-global-color-76fa356 ); font-family: var( --e-global-typography-text-font-family ), Sans-serif; font-weight: var( --e-global-typography-text-font-weight ); background-color: var( --e-global-color-primary ); font-size: 1rem;\">Le 2 juin 2024, Bressuire, Celles sur Belle, Coulon, Saint Maixent L&rsquo;\u00e9cole, Niort, Parthenay et Thouars sont sur le parcours du flambeau des jeux olympiques de Paris 2024, o\u00f9 pr\u00e8s de 100 porteurs de la flamme offriront des relais insolites et singuliers, escort\u00e9s par des milliers de spectateurs.<\/span><\/p>\t\t\t\t\t\t<\/div>\n\t\t\t\t<\/div>\n\t\t\t\t\t<\/div>\n\t\t<\/div>\n\t\t\t\t\t<\/div>\n\t\t<\/section>\n\t\t\t\t<section class=\"elementor-section elementor-top-section elementor-element elementor-element-ac18d17 elementor-section-boxed elementor-section-height-default elementor-section-height-default\" data-id=\"ac18d17\" data-element_type=\"section\">\n\t\t\t\t\t\t<div class=\"elementor-container elementor-column-gap-default\">\n\t\t\t\t\t<div class=\"elementor-column elementor-col-100 elementor-top-column elementor-element elementor-element-840d69b\" data-id=\"840d69b\" data-element_type=\"column\">\n\t\t\t<div class=\"elementor-widget-wrap elementor-element-populated\">\n\t\t\t\t\t\t<div class=\"elementor-element elementor-element-e002c61 elementor-widget elementor-widget-text-editor\" data-id=\"e002c61\" data-element_type=\"widget\" data-widget_type=\"text-editor.default\">\n\t\t\t\t<div class=\"elementor-widget-container\">\n\t\t\t\t\t\t\t<p>Le D\u00e9partement et les collectivit\u00e9s des Deux-S\u00e8vres donnent rendez-vous \u00e0 tous les Deux-S\u00e9vriens pour une journ\u00e9e-\u00e9v\u00e9nement historique de f\u00eate, de joie, de partage, qui l\u00e8guera des souvenirs uniques et marquants.<\/p><p><em>Programme d\u00e9taill\u00e9 en cours de pr\u00e9paration.<\/em><\/p>\t\t\t\t\t\t<\/div>\n\t\t\t\t<\/div>\n\t\t\t\t\t<\/div>\n\t\t<\/div>\n\t\t\t\t\t<\/div>\n\t\t<\/section>\n\t\t\t\t<section class=\"elementor-section elementor-top-section elementor-element elementor-element-d3176c5 elementor-section-boxed elementor-section-height-default elementor-section-height-default\" data-id=\"d3176c5\" data-element_type=\"section\">\n\t\t\t\t\t\t<div class=\"elementor-container elementor-column-gap-default\">\n\t\t\t\t\t<div class=\"elementor-column elementor-col-100 elementor-top-column elementor-element elementor-element-728850f\" data-id=\"728850f\" data-element_type=\"column\">\n\t\t\t<div class=\"elementor-widget-wrap elementor-element-populated\">\n\t\t\t\t\t\t<div class=\"elementor-element elementor-element-4b67735 elementor-widget elementor-widget-image\" data-id=\"4b67735\" data-element_type=\"widget\" data-widget_type=\"image.default\">\n\t\t\t\t<div class=\"elementor-widget-container\">\n\t\t\t<style>\/*! elementor - v3.21.0 - 26-05-2024 *\/\n.elementor-widget-image{text-align:center}.elementor-widget-image a{display:inline-block}.elementor-widget-image a img[src$=\".svg\"]{width:48px}.elementor-widget-image img{vertical-align:middle;display:inline-block}<\/style>\t\t\t\t\t\t\t\t\t\t<img fetchpriority=\"high\" decoding=\"async\" width=\"1500\" height=\"500\" src=\"https:\/\/terredejeux.deux-sevres.fr\/wp-content\/uploads\/2023\/11\/deux-sevres-flamme.png\" class=\"attachment-full size-full wp-image-396\" alt=\"\" srcset=\"https:\/\/terredejeux.deux-sevres.fr\/wp-content\/uploads\/2023\/11\/deux-sevres-flamme.png 1500w, https:\/\/terredejeux.deux-sevres.fr\/wp-content\/uploads\/2023\/11\/deux-sevres-flamme-300x100.png 300w, https:\/\/terredejeux.deux-sevres.fr\/wp-content\/uploads\/2023\/11\/deux-sevres-flamme-1024x341.png 1024w, https:\/\/terredejeux.deux-sevres.fr\/wp-content\/uploads\/2023\/11\/deux-sevres-flamme-768x256.png 768w\" sizes=\"(max-width: 1500px) 100vw, 1500px\" \/>\t\t\t\t\t\t\t\t\t\t\t\t\t<\/div>\n\t\t\t\t<\/div>\n\t\t\t\t\t<\/div>\n\t\t<\/div>\n\t\t\t\t\t<\/div>\n\t\t<\/section>\n\t\t\t\t<section class=\"elementor-section elementor-top-section elementor-element elementor-element-28cdaad elementor-section-boxed elementor-section-height-default elementor-section-height-default\" data-id=\"28cdaad\" data-element_type=\"section\">\n\t\t\t\t\t\t<div class=\"elementor-container elementor-column-gap-default\">\n\t\t\t\t\t<div class=\"elementor-column elementor-col-50 elementor-top-column elementor-element elementor-element-cc3583d\" data-id=\"cc3583d\" data-element_type=\"column\">\n\t\t\t<div class=\"elementor-widget-wrap elementor-element-populated\">\n\t\t\t\t\t\t<div class=\"elementor-element elementor-element-8b6f07a elementor-flip-box--effect-flip elementor-flip-box--direction-up elementor-widget elementor-widget-flip-box\" data-id=\"8b6f07a\" data-element_type=\"widget\" data-widget_type=\"flip-box.default\">\n\t\t\t\t<div class=\"elementor-widget-container\">\n\t\t\t<link rel=\"stylesheet\" href=\"https:\/\/terredejeux.deux-sevres.fr\/wp-content\/plugins\/elementor-pro\/assets\/css\/widget-flip-box.min.css\">\t\t<div class=\"elementor-flip-box\" tabindex=\"0\">\n\t\t\t<div class=\"elementor-flip-box__layer elementor-flip-box__front\">\n\t\t\t\t<div class=\"elementor-flip-box__layer__overlay\">\n\t\t\t\t\t<div class=\"elementor-flip-box__layer__inner\">\n\t\t\t\t\t\t\n\t\t\t\t\t\t\t\t\t\t\t\t\t<h3 class=\"elementor-flip-box__layer__title\">\n\t\t\t\t\t\t\t\tBRESSUIRE\t\t\t\t\t\t\t<\/h3>\n\t\t\t\t\t\t\n\t\t\t\t\t\t\t\t\t\t\t<\/div>\n\t\t\t\t<\/div>\n\t\t\t<\/div>\n\t\t\t<div class=\"elementor-flip-box__layer elementor-flip-box__back\">\n\t\t\t<div class=\"elementor-flip-box__layer__overlay\">\n\t\t\t\t<div class=\"elementor-flip-box__layer__inner\">\n\t\t\t\t\t\t\t\t\t\t\t<h3 class=\"elementor-flip-box__layer__title\">\n\t\t\t\t\t\t\tBRESSUIRE\t\t\t\t\t\t<\/h3>\n\t\t\t\t\t\n\t\t\t\t\t\t\t\t\t\t\t<div class=\"elementor-flip-box__layer__description\">\n\t\t\t\t\t\t\t\"Bressuire, labellis\u00e9e Terre de Jeux 2024, avec ses 460 associations, a d\u00e9j\u00e0 eu \u00e0 c\u0153ur de promouvoir les Jeux Olympiques. Le 2 juin, avec la venue de la flamme, ce sera l\u2019apog\u00e9e de ces \u00e9v\u00e8nements festifs, sportifs et populaires. Nous sommes pr\u00eats \u00e0 sillonner la ville pour accompagner les porteurs de la flamme qui vivront sans aucun doute un moment historique.\"<br>Emmanuelle Menard, maire de Bressuire<\/br>\t\t\t\t\t\t<\/div>\n\t\t\t\t\t\n\t\t\t\t\t\t\t\t<\/div>\n\t\t<\/div>\n\t\t<\/div>\n\t\t<\/div>\n\t\t\t\t<\/div>\n\t\t\t\t<\/div>\n\t\t\t\t<div class=\"elementor-element elementor-element-f0a7ded elementor-flip-box--effect-flip elementor-flip-box--direction-up elementor-widget elementor-widget-flip-box\" data-id=\"f0a7ded\" data-element_type=\"widget\" data-widget_type=\"flip-box.default\">\n\t\t\t\t<div class=\"elementor-widget-container\">\n\t\t\t\t\t<div class=\"elementor-flip-box\" tabindex=\"0\">\n\t\t\t<div class=\"elementor-flip-box__layer elementor-flip-box__front\">\n\t\t\t\t<div class=\"elementor-flip-box__layer__overlay\">\n\t\t\t\t\t<div class=\"elementor-flip-box__layer__inner\">\n\t\t\t\t\t\t\n\t\t\t\t\t\t\t\t\t\t\t\t\t<h3 class=\"elementor-flip-box__layer__title\">\n\t\t\t\t\t\t\t\tCOULON\t\t\t\t\t\t\t<\/h3>\n\t\t\t\t\t\t\n\t\t\t\t\t\t\t\t\t\t\t<\/div>\n\t\t\t\t<\/div>\n\t\t\t<\/div>\n\t\t\t<div class=\"elementor-flip-box__layer elementor-flip-box__back\">\n\t\t\t<div class=\"elementor-flip-box__layer__overlay\">\n\t\t\t\t<div class=\"elementor-flip-box__layer__inner\">\n\t\t\t\t\t\t\t\t\t\t\t<h3 class=\"elementor-flip-box__layer__title\">\n\t\t\t\t\t\t\tCOULON\t\t\t\t\t\t<\/h3>\n\t\t\t\t\t\n\t\t\t\t\t\t\t\t\t\t\t<div class=\"elementor-flip-box__layer__description\">\n\t\t\t\t\t\t\t\"Cette annonce du choix de la commune de Coulon est incroyable !\u00a0Ce sera une journ\u00e9e historique et unique que nous ne sommes pas pr\u00eats\u00a0de revivre ! Ce sera l\u2019occasion de porter haut et fort notre territoire, notre p\u00e9pite qu\u2019est le Marais Poitevin et de mettre en lumi\u00e8re la commune de Coulon. La commune b\u00e9n\u00e9ficie d\u00e9j\u00e0 du Label Terre de jeux 2024 dont le tissu associatif et les \u00e9coles se sont empar\u00e9s et nous c\u00e9l\u00e8brerons\u00a0au fil du temps les valeurs olympiques qui nous animent : le respect, le\u00a0courage, l\u2019engagement, la tol\u00e9rance... jusqu\u2019au jour de l\u2019accueil de la\u00a0Flamme \u00e0 Coulon.\"\n<br>Anne-Sophie Guichet, maire de Coulon<\/br>\t\t\t\t\t\t<\/div>\n\t\t\t\t\t\n\t\t\t\t\t\t\t\t<\/div>\n\t\t<\/div>\n\t\t<\/div>\n\t\t<\/div>\n\t\t\t\t<\/div>\n\t\t\t\t<\/div>\n\t\t\t\t<div class=\"elementor-element elementor-element-472fe3b elementor-flip-box--effect-flip elementor-flip-box--direction-up elementor-widget elementor-widget-flip-box\" data-id=\"472fe3b\" data-element_type=\"widget\" data-widget_type=\"flip-box.default\">\n\t\t\t\t<div class=\"elementor-widget-container\">\n\t\t\t\t\t<div class=\"elementor-flip-box\" tabindex=\"0\">\n\t\t\t<div class=\"elementor-flip-box__layer elementor-flip-box__front\">\n\t\t\t\t<div class=\"elementor-flip-box__layer__overlay\">\n\t\t\t\t\t<div class=\"elementor-flip-box__layer__inner\">\n\t\t\t\t\t\t\n\t\t\t\t\t\t\t\t\t\t\t\t\t<h3 class=\"elementor-flip-box__layer__title\">\n\t\t\t\t\t\t\t\tPARTHENAY\t\t\t\t\t\t\t<\/h3>\n\t\t\t\t\t\t\n\t\t\t\t\t\t\t\t\t\t\t<\/div>\n\t\t\t\t<\/div>\n\t\t\t<\/div>\n\t\t\t<div class=\"elementor-flip-box__layer elementor-flip-box__back\">\n\t\t\t<div class=\"elementor-flip-box__layer__overlay\">\n\t\t\t\t<div class=\"elementor-flip-box__layer__inner\">\n\t\t\t\t\t\t\t\t\t\t\t<h3 class=\"elementor-flip-box__layer__title\">\n\t\t\t\t\t\t\tPARTHENAY\t\t\t\t\t\t<\/h3>\n\t\t\t\t\t\n\t\t\t\t\t\t\t\t\t\t\t<div class=\"elementor-flip-box__layer__description\">\n\t\t\t\t\t\t\t\u00ab Le sport et ses valeurs font parties int\u00e9grantes de l\u2019identit\u00e9 de notre territoire, c\u2019est pourquoi la ville de Parthenay et la Communaut\u00e9 de Communes Parthenay-G\u00e2tine ont fait la d\u00e9marche d\u2019\u00eatre labellis\u00e9es Terre de Jeux d\u00e8s 2019.\u00a0Les associations, les habitants et les services de nos collectivit\u00e9s sont pleinement investis pour faire vivre les valeurs de l\u2019olympisme. \u00bb\n<br>Jean-Michel Prieur, maire de Parthenay<\/br>\t\t\t\t\t\t<\/div>\n\t\t\t\t\t\n\t\t\t\t\t\t\t\t<\/div>\n\t\t<\/div>\n\t\t<\/div>\n\t\t<\/div>\n\t\t\t\t<\/div>\n\t\t\t\t<\/div>\n\t\t\t\t<div class=\"elementor-element elementor-element-2777677 elementor-flip-box--effect-flip elementor-flip-box--direction-up elementor-widget elementor-widget-flip-box\" data-id=\"2777677\" data-element_type=\"widget\" data-widget_type=\"flip-box.default\">\n\t\t\t\t<div class=\"elementor-widget-container\">\n\t\t\t\t\t<div class=\"elementor-flip-box\" tabindex=\"0\">\n\t\t\t<div class=\"elementor-flip-box__layer elementor-flip-box__front\">\n\t\t\t\t<div class=\"elementor-flip-box__layer__overlay\">\n\t\t\t\t\t<div class=\"elementor-flip-box__layer__inner\">\n\t\t\t\t\t\t\n\t\t\t\t\t\t\t\t\t\t\t\t\t<h3 class=\"elementor-flip-box__layer__title\">\n\t\t\t\t\t\t\t\tTHOUARS\t\t\t\t\t\t\t<\/h3>\n\t\t\t\t\t\t\n\t\t\t\t\t\t\t\t\t\t\t<\/div>\n\t\t\t\t<\/div>\n\t\t\t<\/div>\n\t\t\t<div class=\"elementor-flip-box__layer elementor-flip-box__back\">\n\t\t\t<div class=\"elementor-flip-box__layer__overlay\">\n\t\t\t\t<div class=\"elementor-flip-box__layer__inner\">\n\t\t\t\t\t\t\t\t\t\t\t<h3 class=\"elementor-flip-box__layer__title\">\n\t\t\t\t\t\t\tTHOUARS\t\t\t\t\t\t<\/h3>\n\t\t\t\t\t\n\t\t\t\t\t\t\t\t\t\t\t<div class=\"elementor-flip-box__layer__description\">\n\t\t\t\t\t\t\t\"Labellis\u00e9 Terre de Jeux 2024, le Thouarsais m\u00e8ne depuis 2019 aupr\u00e8s des\u00a0scolaires, des actions de sensibilisation au sport qui se poursuivront \u00e0 partir de septembre. La Ville de Thouars et la Communaut\u00e9 de Communes se r\u00e9jouissent tout particuli\u00e8rement d\u2019accueillir la flamme olympique et\u00a0de mobiliser les habitants autour de cet \u00e9v\u00e8nement f\u00e9d\u00e9rateur.\"\n<br>Bernard Paineau, maire de Thouars, Pr\u00e9sident de la Communaut\u00e9 de Communes du Thouarsais<\/br>\t\t\t\t\t\t<\/div>\n\t\t\t\t\t\n\t\t\t\t\t\t\t\t<\/div>\n\t\t<\/div>\n\t\t<\/div>\n\t\t<\/div>\n\t\t\t\t<\/div>\n\t\t\t\t<\/div>\n\t\t\t\t\t<\/div>\n\t\t<\/div>\n\t\t\t\t<div class=\"elementor-column elementor-col-50 elementor-top-column elementor-element elementor-element-a9e38ac\" data-id=\"a9e38ac\" data-element_type=\"column\">\n\t\t\t<div class=\"elementor-widget-wrap elementor-element-populated\">\n\t\t\t\t\t\t<div class=\"elementor-element elementor-element-bdd8a3e elementor-flip-box--effect-flip elementor-flip-box--direction-up elementor-widget elementor-widget-flip-box\" data-id=\"bdd8a3e\" data-element_type=\"widget\" data-widget_type=\"flip-box.default\">\n\t\t\t\t<div class=\"elementor-widget-container\">\n\t\t\t\t\t<div class=\"elementor-flip-box\" tabindex=\"0\">\n\t\t\t<div class=\"elementor-flip-box__layer elementor-flip-box__front\">\n\t\t\t\t<div class=\"elementor-flip-box__layer__overlay\">\n\t\t\t\t\t<div class=\"elementor-flip-box__layer__inner\">\n\t\t\t\t\t\t\n\t\t\t\t\t\t\t\t\t\t\t\t\t<h3 class=\"elementor-flip-box__layer__title\">\n\t\t\t\t\t\t\t\tCELLES-SUR-BELLE\t\t\t\t\t\t\t<\/h3>\n\t\t\t\t\t\t\n\t\t\t\t\t\t\t\t\t\t\t<\/div>\n\t\t\t\t<\/div>\n\t\t\t<\/div>\n\t\t\t<div class=\"elementor-flip-box__layer elementor-flip-box__back\">\n\t\t\t<div class=\"elementor-flip-box__layer__overlay\">\n\t\t\t\t<div class=\"elementor-flip-box__layer__inner\">\n\t\t\t\t\t\t\t\t\t\t\t<h3 class=\"elementor-flip-box__layer__title\">\n\t\t\t\t\t\t\tCELLES-SUR-BELLE\t\t\t\t\t\t<\/h3>\n\t\t\t\t\t\n\t\t\t\t\t\t\t\t\t\t\t<div class=\"elementor-flip-box__layer__description\">\n\t\t\t\t\t\t\t\"Celles-sur-Belle, ville sportive labellis\u00e9e depuis 2016, est connue pour la qualit\u00e9 de ses installations sportives et des associations Soutenues par la commune, les r\u00e9sultats sont l\u00e0 : l\u2019accueil de manifestations\u00a0nationales (twirling, judo-roller), un gymnase de 1 300 places\u00a0rempli \u00e0 chaque rencontre de handball. Le passage de la flamme est\u00a0la r\u00e9compense pour tous les sportifs, les b\u00e9n\u00e9voles, les amoureux\u00a0du sport. Nous aurons \u00e0 coeur de r\u00e9unir l\u2019ensemble des forces vives (associations, \u00e9coles, habitants), pour une journ\u00e9e inoubliable.\"\n<br>Sylvie Brunet, maire de Celles-sur-belle<\/br>\t\t\t\t\t\t<\/div>\n\t\t\t\t\t\n\t\t\t\t\t\t\t\t<\/div>\n\t\t<\/div>\n\t\t<\/div>\n\t\t<\/div>\n\t\t\t\t<\/div>\n\t\t\t\t<\/div>\n\t\t\t\t<div class=\"elementor-element elementor-element-3a8af9d elementor-flip-box--effect-flip elementor-flip-box--direction-up elementor-widget elementor-widget-flip-box\" data-id=\"3a8af9d\" data-element_type=\"widget\" data-widget_type=\"flip-box.default\">\n\t\t\t\t<div class=\"elementor-widget-container\">\n\t\t\t\t\t<div class=\"elementor-flip-box\" tabindex=\"0\">\n\t\t\t<div class=\"elementor-flip-box__layer elementor-flip-box__front\">\n\t\t\t\t<div class=\"elementor-flip-box__layer__overlay\">\n\t\t\t\t\t<div class=\"elementor-flip-box__layer__inner\">\n\t\t\t\t\t\t\n\t\t\t\t\t\t\t\t\t\t\t\t\t<h3 class=\"elementor-flip-box__layer__title\">\n\t\t\t\t\t\t\t\tNIORT\t\t\t\t\t\t\t<\/h3>\n\t\t\t\t\t\t\n\t\t\t\t\t\t\t\t\t\t\t<\/div>\n\t\t\t\t<\/div>\n\t\t\t<\/div>\n\t\t\t<div class=\"elementor-flip-box__layer elementor-flip-box__back\">\n\t\t\t<div class=\"elementor-flip-box__layer__overlay\">\n\t\t\t\t<div class=\"elementor-flip-box__layer__inner\">\n\t\t\t\t\t\t\t\t\t\t\t<h3 class=\"elementor-flip-box__layer__title\">\n\t\t\t\t\t\t\tNIORT\t\t\t\t\t\t<\/h3>\n\t\t\t\t\t\n\t\t\t\t\t\t\t\t\t\t\t<div class=\"elementor-flip-box__layer__description\">\n\t\t\t\t\t\t\t\"Quel honneur pour Niort d\u2019accueillir, comme ville-\u00e9tape,\u00a0le relais de la flamme olympique ! Celle-ci repr\u00e9sente un\u00a0symbole fort de paix et d\u2019amiti\u00e9 entre les peuples. Je me r\u00e9jouis que la ville soit associ\u00e9e aux festivit\u00e9s, \u00e0 travers\u00a0le passage de la flamme reliant Olympie \u00e0 Paris. Les Niortais\u00a0seront l\u00e0 en nombre pour cet \u00e9v\u00e9nement.\"\n<br>J\u00e9r\u00f4me Baloge, maire de Niort<\/br>\t\t\t\t\t\t<\/div>\n\t\t\t\t\t\n\t\t\t\t\t\t\t\t<\/div>\n\t\t<\/div>\n\t\t<\/div>\n\t\t<\/div>\n\t\t\t\t<\/div>\n\t\t\t\t<\/div>\n\t\t\t\t<div class=\"elementor-element elementor-element-4cbefb3 elementor-flip-box--effect-flip elementor-flip-box--direction-up elementor-widget elementor-widget-flip-box\" data-id=\"4cbefb3\" data-element_type=\"widget\" data-widget_type=\"flip-box.default\">\n\t\t\t\t<div class=\"elementor-widget-container\">\n\t\t\t\t\t<div class=\"elementor-flip-box\" tabindex=\"0\">\n\t\t\t<div class=\"elementor-flip-box__layer elementor-flip-box__front\">\n\t\t\t\t<div class=\"elementor-flip-box__layer__overlay\">\n\t\t\t\t\t<div class=\"elementor-flip-box__layer__inner\">\n\t\t\t\t\t\t\n\t\t\t\t\t\t\t\t\t\t\t\t\t<h3 class=\"elementor-flip-box__layer__title\">\n\t\t\t\t\t\t\t\tSAINT-MAIXENT\t\t\t\t\t\t\t<\/h3>\n\t\t\t\t\t\t\n\t\t\t\t\t\t\t\t\t\t\t<\/div>\n\t\t\t\t<\/div>\n\t\t\t<\/div>\n\t\t\t<div class=\"elementor-flip-box__layer elementor-flip-box__back\">\n\t\t\t<div class=\"elementor-flip-box__layer__overlay\">\n\t\t\t\t<div class=\"elementor-flip-box__layer__inner\">\n\t\t\t\t\t\t\t\t\t\t\t<h3 class=\"elementor-flip-box__layer__title\">\n\t\t\t\t\t\t\tSAINT-MAIXENT-L'\u00c9COLE\t\t\t\t\t\t<\/h3>\n\t\t\t\t\t\n\t\t\t\t\t\t\t\t\t\t\t<div class=\"elementor-flip-box__layer__description\">\n\t\t\t\t\t\t\t\"Accueillir le passage de la flamme dans notre\u00a0ville est une opportunit\u00e9 formidable pour f\u00eater les\u00a0valeurs de l\u2019olympisme. Nous souhaitons faire de ce\nmoment une grande f\u00eate populaire du territoire o\u00f9\u00a0les associations sportives feront d\u00e9couvrir leur\u00a0sport, o\u00f9 les habitantes et habitants, les scolaires\npourront s\u2019\u00e9panouir autour d\u2019Olympiades et d\u2019activit\u00e9s paralympiques. Le sport A cette capacit\u00e9, par les\u00a0\u00e9motions qu\u2019il suscite, \u00e0 unir en quelques minutes des\npersonnes qui ne se connaissaient pas jusqu\u2019alors.\"\n<br>St\u00e9phane Baudry, maire de St-Maixent<\/br>\t\t\t\t\t\t<\/div>\n\t\t\t\t\t\n\t\t\t\t\t\t\t\t<\/div>\n\t\t<\/div>\n\t\t<\/div>\n\t\t<\/div>\n\t\t\t\t<\/div>\n\t\t\t\t<\/div>\n\t\t\t\t\t<\/div>\n\t\t<\/div>\n\t\t\t\t\t<\/div>\n\t\t<\/section>\n\t\t\t\t<section class=\"elementor-section elementor-top-section elementor-element elementor-element-aca9e80 elementor-section-boxed elementor-section-height-default elementor-section-height-default\" data-id=\"aca9e80\" data-element_type=\"section\">\n\t\t\t\t\t\t<div class=\"elementor-container elementor-column-gap-default\">\n\t\t\t\t\t<div class=\"elementor-column elementor-col-100 elementor-top-column elementor-element elementor-element-ea1bd7c\" data-id=\"ea1bd7c\" data-element_type=\"column\">\n\t\t\t<div class=\"elementor-widget-wrap elementor-element-populated\">\n\t\t\t\t\t\t<div class=\"elementor-element elementor-element-8d6d3ae elementor-widget elementor-widget-html\" data-id=\"8d6d3ae\" data-element_type=\"widget\" data-widget_type=\"html.default\">\n\t\t\t\t<div class=\"elementor-widget-container\">\n\t\t\t<iframe title=\"Communes Flamme\" width=\"100%\" height=\"600\" src=\"https:\/\/livemap.getwemap.com\/dom.html?emmid=25206&token=SJ13XVG2XK6A4HRSJQREP7UJ3\" frameborder=\"0\" style=\"max-width:100%\" allowfullscreen allowtransparency allow=\"geolocation; camera; accelerometer; gyroscope; magnetometer; fullscreen\"><\/iframe>\t\t<\/div>\n\t\t\t\t<\/div>\n\t\t\t\t\t<\/div>\n\t\t<\/div>\n\t\t\t\t\t<\/div>\n\t\t<\/section>\n\t\t\t\t<\/div>\n\t\t","protected":false},"excerpt":{"rendered":"<p>Les Deux-S\u00e8vres accueillent la Flamme olympique ! 7 villes deux-s\u00e9vriennes seront travers\u00e9es par la flamme olympique.\u00a0Le 2 juin 2024, Bressuire, Celles sur Belle, Coulon, Saint Maixent L&rsquo;\u00e9cole, Niort, Parthenay et Thouars sont sur le parcours du flambeau des jeux olympiques de Paris 2024, o\u00f9 pr\u00e8s de 100 porteurs de la flamme offriront des relais insolites [&hellip;]<\/p>\n","protected":false},"author":1,"featured_media":0,"parent":0,"menu_order":0,"comment_status":"closed","ping_status":"closed","template":"","meta":{"footnotes":""},"class_list":["post-306","page","type-page","status-publish","hentry"],"_links":{"self":[{"href":"https:\/\/terredejeux.deux-sevres.fr\/index.php\/wp-json\/wp\/v2\/pages\/306","targetHints":{"allow":["GET"]}}],"collection":[{"href":"https:\/\/terredejeux.deux-sevres.fr\/index.php\/wp-json\/wp\/v2\/pages"}],"about":[{"href":"https:\/\/terredejeux.deux-sevres.fr\/index.php\/wp-json\/wp\/v2\/types\/page"}],"author":[{"embeddable":true,"href":"https:\/\/terredejeux.deux-sevres.fr\/index.php\/wp-json\/wp\/v2\/users\/1"}],"replies":[{"embeddable":true,"href":"https:\/\/terredejeux.deux-sevres.fr\/index.php\/wp-json\/wp\/v2\/comments?post=306"}],"version-history":[{"count":47,"href":"https:\/\/terredejeux.deux-sevres.fr\/index.php\/wp-json\/wp\/v2\/pages\/306\/revisions"}],"predecessor-version":[{"id":518,"href":"https:\/\/terredejeux.deux-sevres.fr\/index.php\/wp-json\/wp\/v2\/pages\/306\/revisions\/518"}],"wp:attachment":[{"href":"https:\/\/terredejeux.deux-sevres.fr\/index.php\/wp-json\/wp\/v2\/media?parent=306"}],"curies":[{"name":"wp","href":"https:\/\/api.w.org\/{rel}","templated":true}]}}